{"id":73,"date":"2019-02-08T16:31:41","date_gmt":"2019-02-08T16:31:41","guid":{"rendered":"https:\/\/springgreen-hyena-561775.hostingersite.com\/?page_id=73"},"modified":"2026-05-09T04:29:08","modified_gmt":"2026-05-09T04:29:08","slug":"kurumsal","status":"publish","type":"page","link":"https:\/\/uykuapnesicihazlari.com\/en\/kurumsal\/","title":{"rendered":"Kurumsal"},"content":{"rendered":"<div data-elementor-type=\"wp-post\" data-elementor-id=\"73\" class=\"elementor elementor-73\">\n\t\t\t\t\t\t<section class=\"elementor-section elementor-top-section elementor-element elementor-element-af620f8 elementor-section-content-middle elementor-section-boxed elementor-section-height-default elementor-section-height-default sc_fly_static\" data-id=\"af620f8\" data-element_type=\"section\" data-e-type=\"section\">\n\t\t\t\t\t\t<div class=\"elementor-container elementor-column-gap-extended\">\n\t\t\t\t\t<div data-animation-type=\"block\" class=\"elementor-column elementor-col-100 elementor-top-column elementor-element elementor-element-032643d sc_content_align_inherit sc_layouts_column_icons_position_left animation_type_block sc_fly_static elementor-invisible\" data-id=\"032643d\" data-element_type=\"column\" data-e-type=\"column\" data-settings=\"{&quot;animation&quot;:&quot;fadeIn&quot;}\">\n\t\t\t<div class=\"elementor-widget-wrap elementor-element-populated\">\n\t\t\t\t\t\t<div class=\"elementor-element elementor-element-1c2a456 sc_fly_static elementor-widget elementor-widget-trx_sc_title\" data-id=\"1c2a456\" data-element_type=\"widget\" data-e-type=\"widget\" data-widget_type=\"trx_sc_title.default\">\n\t\t\t\t<div class=\"elementor-widget-container\">\n\t\t\t\t\t<div\t\tclass=\"sc_title sc_title_default\"><h2 class=\"sc_item_title sc_title_title sc_item_title_style_default\"\n\t\t\t><span class=\"sc_item_title_text\">Hakk\u0131m\u0131zda\n<\/span><\/h2><div class=\"sc_item_descr sc_title_descr\"><p>2010 y\u0131l\u0131ndan bu yana medikal \u00fcr\u00fcn ve sa\u011fl\u0131k ekipmanlar\u0131 alan\u0131nda faaliyet g\u00f6steren firmam\u0131z, kalite, g\u00fcven ve m\u00fc\u015fteri memnuniyeti odakl\u0131 hizmet anlay\u0131\u015f\u0131yla sekt\u00f6rde sa\u011flam bir yer edinmi\u015ftir. Kuruldu\u011fumuz g\u00fcnden bug\u00fcne, hasta ve hasta yak\u0131nlar\u0131n\u0131n ihtiya\u00e7lar\u0131n\u0131 do\u011fru analiz ederek, en uygun ve g\u00fcvenilir \u00e7\u00f6z\u00fcmleri sunmay\u0131 temel ilke haline getirdik.<\/p>\n<p>Geni\u015f \u00fcr\u00fcn yelpazemiz kapsam\u0131nda; solunum cihazlar\u0131, hasta bak\u0131m ekipmanlar\u0131, ortopedik \u00fcr\u00fcnler, ilk yard\u0131m malzemeleri, medikal estetik cihazlar ve sa\u011fl\u0131k \u00f6l\u00e7\u00fcm cihazlar\u0131 ba\u015fta olmak \u00fczere bir\u00e7ok kategoride, uluslararas\u0131 standartlara uygun \u00fcr\u00fcnler sunmaktay\u0131z. Tedarik etti\u011fimiz t\u00fcm \u00fcr\u00fcnler, kalite ve g\u00fcvenlik kriterleri do\u011frultusunda titizlikle se\u00e7ilmektedir.<\/p>\n<p>Deneyimli ekibimiz ile yaln\u0131zca \u00fcr\u00fcn temini de\u011fil, ayn\u0131 zamanda do\u011fru \u00fcr\u00fcn se\u00e7imi, teknik destek ve sat\u0131\u015f sonras\u0131 hizmet s\u00fcre\u00e7lerinde de m\u00fc\u015fterilerimizin yan\u0131nda yer al\u0131yoruz. Sa\u011fl\u0131k sekt\u00f6r\u00fcnde g\u00fcvenin kritik \u00f6nem ta\u015f\u0131d\u0131\u011f\u0131n\u0131n bilinciyle, hizmetlerimizi her zaman \u015feffaf, h\u0131zl\u0131 ve \u00e7\u00f6z\u00fcm odakl\u0131 bir yakla\u015f\u0131mla sunuyoruz.<\/p>\n<p>Bug\u00fcn bireysel kullan\u0131c\u0131lar\u0131n yan\u0131 s\u0131ra hastaneler, klinikler ve sa\u011fl\u0131k kurulu\u015flar\u0131 i\u00e7in de g\u00fcvenilir bir \u00e7\u00f6z\u00fcm orta\u011f\u0131 olarak hizmet vermekteyiz. Geli\u015fen teknolojiye uyum sa\u011flayarak, hizmet kalitemizi s\u00fcrekli art\u0131rmay\u0131 ve sekt\u00f6rdeki g\u00fc\u00e7l\u00fc konumumuzu daha da ileri ta\u015f\u0131may\u0131 hedefliyoruz.<\/p>\n<p>Sa\u011fl\u0131\u011f\u0131n\u0131z i\u00e7in g\u00fcvenilir \u00e7\u00f6z\u00fcmler sunmaya devam ediyoruz.<\/p>\n<\/div><\/div>\t\t\t\t<\/div>\n\t\t\t\t<\/div>\n\t\t\t\t<div class=\"elementor-element elementor-element-2f3e2aa elementor-widget-divider--view-line sc_fly_static elementor-widget elementor-widget-divider\" data-id=\"2f3e2aa\" data-element_type=\"widget\" data-e-type=\"widget\" data-widget_type=\"divider.default\">\n\t\t\t\t<div class=\"elementor-widget-container\">\n\t\t\t\t\t\t\t<div class=\"elementor-divider\">\n\t\t\t<span class=\"elementor-divider-separator\">\n\t\t\t\t\t\t<\/span>\n\t\t<\/div>\n\t\t\t\t\t\t<\/div>\n\t\t\t\t<\/div>\n\t\t\t\t<div data-animation-type=\"block\" class=\"elementor-element elementor-element-7a62e32 animated-slow animation_type_block sc_fly_static elementor-invisible elementor-widget elementor-widget-image\" data-id=\"7a62e32\" data-element_type=\"widget\" data-e-type=\"widget\" data-settings=\"{&quot;_animation&quot;:&quot;fadeIn&quot;}\" data-widget_type=\"image.default\">\n\t\t\t\t<div class=\"elementor-widget-container\">\n\t\t\t\t\t\t\t\t\t\t\t\t\t\t\t<img fetchpriority=\"high\" decoding=\"async\" width=\"1536\" height=\"1024\" src=\"https:\/\/uykuapnesicihazlari.com\/wp-content\/uploads\/2026\/05\/WhatsApp-Image-2026-05-04-at-16.47.18-1.jpeg\" class=\"attachment-full size-full wp-image-9673\" alt=\"\" srcset=\"https:\/\/uykuapnesicihazlari.com\/wp-content\/uploads\/2026\/05\/WhatsApp-Image-2026-05-04-at-16.47.18-1.jpeg 1536w, https:\/\/uykuapnesicihazlari.com\/wp-content\/uploads\/2026\/05\/WhatsApp-Image-2026-05-04-at-16.47.18-1-300x200.jpeg 300w, https:\/\/uykuapnesicihazlari.com\/wp-content\/uploads\/2026\/05\/WhatsApp-Image-2026-05-04-at-16.47.18-1-1024x683.jpeg 1024w, https:\/\/uykuapnesicihazlari.com\/wp-content\/uploads\/2026\/05\/WhatsApp-Image-2026-05-04-at-16.47.18-1-768x512.jpeg 768w, https:\/\/uykuapnesicihazlari.com\/wp-content\/uploads\/2026\/05\/WhatsApp-Image-2026-05-04-at-16.47.18-1-370x247.jpeg 370w, https:\/\/uykuapnesicihazlari.com\/wp-content\/uploads\/2026\/05\/WhatsApp-Image-2026-05-04-at-16.47.18-1-780x520.jpeg 780w, https:\/\/uykuapnesicihazlari.com\/wp-content\/uploads\/2026\/05\/WhatsApp-Image-2026-05-04-at-16.47.18-1-390x260.jpeg 390w, https:\/\/uykuapnesicihazlari.com\/wp-content\/uploads\/2026\/05\/WhatsApp-Image-2026-05-04-at-16.47.18-1-600x400.jpeg 600w, https:\/\/uykuapnesicihazlari.com\/wp-content\/uploads\/2026\/05\/WhatsApp-Image-2026-05-04-at-16.47.18-1-220x147.jpeg 220w\" sizes=\"(max-width: 1536px) 100vw, 1536px\" \/>\t\t\t\t\t\t\t\t\t\t\t\t\t\t\t<\/div>\n\t\t\t\t<\/div>\n\t\t\t\t<div class=\"elementor-element elementor-element-7c2f4fa sc_height_small sc_fly_static elementor-widget elementor-widget-spacer\" data-id=\"7c2f4fa\" data-element_type=\"widget\" data-e-type=\"widget\" data-widget_type=\"spacer.default\">\n\t\t\t\t<div class=\"elementor-widget-container\">\n\t\t\t\t\t\t\t<div class=\"elementor-spacer\">\n\t\t\t<div class=\"elementor-spacer-inner\"><\/div>\n\t\t<\/div>\n\t\t\t\t\t\t<\/div>\n\t\t\t\t<\/div>\n\t\t\t\t\t<\/div>\n\t\t<\/div>\n\t\t\t\t\t<\/div>\n\t\t<\/section>\n\t\t\t\t<section class=\"elementor-section elementor-top-section elementor-element elementor-element-beaa818 elementor-section-boxed elementor-section-height-default elementor-section-height-default sc_fly_static\" data-id=\"beaa818\" data-element_type=\"section\" data-e-type=\"section\">\n\t\t\t\t\t\t<div class=\"elementor-container elementor-column-gap-extended\">\n\t\t\t\t\t<div class=\"elementor-column elementor-col-100 elementor-top-column elementor-element elementor-element-d06241f sc_content_align_inherit sc_layouts_column_icons_position_left sc_fly_static\" data-id=\"d06241f\" data-element_type=\"column\" data-e-type=\"column\">\n\t\t\t<div class=\"elementor-widget-wrap elementor-element-populated\">\n\t\t\t\t\t\t<div class=\"elementor-element elementor-element-a64ec4f sc_height_large sc_fly_static elementor-widget elementor-widget-spacer\" data-id=\"a64ec4f\" data-element_type=\"widget\" data-e-type=\"widget\" data-widget_type=\"spacer.default\">\n\t\t\t\t<div class=\"elementor-widget-container\">\n\t\t\t\t\t\t\t<div class=\"elementor-spacer\">\n\t\t\t<div class=\"elementor-spacer-inner\"><\/div>\n\t\t<\/div>\n\t\t\t\t\t\t<\/div>\n\t\t\t\t<\/div>\n\t\t\t\t\t<\/div>\n\t\t<\/div>\n\t\t\t\t\t<\/div>\n\t\t<\/section>\n\t\t\t\t<section class=\"elementor-section elementor-top-section elementor-element elementor-element-4eee676 elementor-section-boxed elementor-section-height-default elementor-section-height-default sc_fly_static\" data-id=\"4eee676\" data-element_type=\"section\" data-e-type=\"section\">\n\t\t\t\t\t\t<div class=\"elementor-container elementor-column-gap-extended\">\n\t\t\t\t\t<div class=\"elementor-column elementor-col-100 elementor-top-column elementor-element elementor-element-723b273 sc_content_align_inherit sc_layouts_column_icons_position_left sc_fly_static\" data-id=\"723b273\" data-element_type=\"column\" data-e-type=\"column\">\n\t\t\t<div class=\"elementor-widget-wrap elementor-element-populated\">\n\t\t\t\t\t\t<div data-animation-type=\"sequental\" data-animation-stagger=\"\" class=\"elementor-element elementor-element-3a39757 animation_type_sequental sc_fly_static elementor-invisible elementor-widget elementor-widget-trx_sc_icons\" data-id=\"3a39757\" data-element_type=\"widget\" data-e-type=\"widget\" data-settings=\"{&quot;_animation&quot;:&quot;fadeIn&quot;}\" data-widget_type=\"trx_sc_icons.default\">\n\t\t\t\t<div class=\"elementor-widget-container\">\n\t\t\t\t\t<div id=\"\" \n\tclass=\"sc_icons sc_icons_modern sc_icons_size_small sc_align_left\"><div class=\"sc_icons_columns_wrap sc_item_columns trx_addons_columns_wrap columns_padding_bottom columns_in_single_row\"><div class=\"trx_addons_column-1_2 trx_addons_column-1_2-tablet\"><div class=\"sc_icons_item\"><div class=\"sc_icons_icon sc_icon_type_ icon-cogs\"><span class=\"sc_icon_type_ icon-cogs\"><\/span><\/div><div class=\"sc_icons_item_details\"><h4 class=\"sc_icons_item_title\"><span>Misyonumuz<\/span><\/h4><\/div><div class=\"sc_icons_item_description\"><span>M\u00fc\u015fterilerimizin ihtiya\u00e7lar\u0131n\u0131 do\u011fru analiz ederek, kaliteli, g\u00fcvenilir ve eri\u015filebilir medikal \u00fcr\u00fcnleri en do\u011fru \u015fekilde sunmak temel misyonumuzdur. Sat\u0131\u015f \u00f6ncesi ve sonras\u0131 destek hizmetlerimizle m\u00fc\u015fterilerimizin her zaman yan\u0131nda olmay\u0131, g\u00fcvene dayal\u0131 uzun vadeli ili\u015fkiler kurmay\u0131 ve sa\u011fl\u0131k sekt\u00f6r\u00fcnde \u00e7\u00f6z\u00fcm odakl\u0131 hizmet anlay\u0131\u015f\u0131m\u0131zla fark yaratmay\u0131 hedefliyoruz.<\/span><span><\/span><span><\/span><\/div><\/div><\/div><div class=\"trx_addons_column-1_2 trx_addons_column-1_2-tablet\"><div class=\"sc_icons_item\"><div class=\"sc_icons_icon sc_icon_type_ icon-trophy\"><span class=\"sc_icon_type_ icon-trophy\"><\/span><\/div><div class=\"sc_icons_item_details\"><h4 class=\"sc_icons_item_title\"><span>Vizyonumuz<\/span><\/h4><\/div><div class=\"sc_icons_item_description\"><span>2010 y\u0131l\u0131ndan bu yana edindi\u011fimiz tecr\u00fcbe ile medikal sekt\u00f6r\u00fcnde g\u00fcvenilirli\u011fimizi ve hizmet kalitemizi s\u00fcrekli geli\u015ftirerek, T\u00fcrkiye genelinde tercih edilen ve \u00f6rnek g\u00f6sterilen bir marka olmay\u0131 hedefliyoruz. Geli\u015fen teknolojiyi yak\u0131ndan takip ederek, yenilik\u00e7i ve kaliteli \u00fcr\u00fcnleri m\u00fc\u015fterilerimizle bulu\u015fturmay\u0131; hasta konforunu ve ya\u015fam kalitesini art\u0131ran \u00e7\u00f6z\u00fcmlerde \u00f6nc\u00fc olmay\u0131 ama\u00e7l\u0131yoruz.<\/span><\/div><\/div><\/div><\/div><\/div><!-- \/.sc_icons -->\t\t\t\t<\/div>\n\t\t\t\t<\/div>\n\t\t\t\t\t<\/div>\n\t\t<\/div>\n\t\t\t\t\t<\/div>\n\t\t<\/section>\n\t\t\t\t<section class=\"elementor-section elementor-top-section elementor-element elementor-element-0d2dbd2 elementor-section-boxed elementor-section-height-default elementor-section-height-default sc_fly_static\" data-id=\"0d2dbd2\" data-element_type=\"section\" data-e-type=\"section\">\n\t\t\t\t\t\t<div class=\"elementor-container elementor-column-gap-extended\">\n\t\t\t\t\t<div class=\"elementor-column elementor-col-100 elementor-top-column elementor-element elementor-element-42842db sc_content_align_inherit sc_layouts_column_icons_position_left sc_fly_static\" data-id=\"42842db\" data-element_type=\"column\" data-e-type=\"column\">\n\t\t\t<div class=\"elementor-widget-wrap elementor-element-populated\">\n\t\t\t\t\t\t<div class=\"elementor-element elementor-element-e09ef37 sc_fly_static elementor-widget elementor-widget-spacer\" data-id=\"e09ef37\" data-element_type=\"widget\" data-e-type=\"widget\" data-widget_type=\"spacer.default\">\n\t\t\t\t<div class=\"elementor-widget-container\">\n\t\t\t\t\t\t\t<div class=\"elementor-spacer\">\n\t\t\t<div class=\"elementor-spacer-inner\"><\/div>\n\t\t<\/div>\n\t\t\t\t\t\t<\/div>\n\t\t\t\t<\/div>\n\t\t\t\t\t<\/div>\n\t\t<\/div>\n\t\t\t\t\t<\/div>\n\t\t<\/section>\n\t\t\t\t<section class=\"elementor-section elementor-top-section elementor-element elementor-element-7ba31fc elementor-section-boxed elementor-section-height-default elementor-section-height-default sc_fly_static\" data-id=\"7ba31fc\" data-element_type=\"section\" data-e-type=\"section\">\n\t\t\t\t\t\t<div class=\"elementor-container elementor-column-gap-extended\">\n\t\t\t\t\t<div class=\"elementor-column elementor-col-100 elementor-top-column elementor-element elementor-element-ec2682d sc_content_align_inherit sc_layouts_column_icons_position_left sc_fly_static\" data-id=\"ec2682d\" data-element_type=\"column\" data-e-type=\"column\">\n\t\t\t<div class=\"elementor-widget-wrap elementor-element-populated\">\n\t\t\t\t\t\t<div class=\"elementor-element elementor-element-3697148 sc_fly_static elementor-widget elementor-widget-image\" data-id=\"3697148\" data-element_type=\"widget\" data-e-type=\"widget\" data-widget_type=\"image.default\">\n\t\t\t\t<div class=\"elementor-widget-container\">\n\t\t\t\t\t\t\t\t\t\t\t\t\t\t\t<img decoding=\"async\" width=\"1024\" height=\"683\" src=\"https:\/\/uykuapnesicihazlari.com\/wp-content\/uploads\/2026\/05\/WhatsApp-Image-2026-05-09-at-07.15.37-1-1024x683.jpeg\" class=\"attachment-large size-large wp-image-9903\" alt=\"\" srcset=\"https:\/\/uykuapnesicihazlari.com\/wp-content\/uploads\/2026\/05\/WhatsApp-Image-2026-05-09-at-07.15.37-1-1024x683.jpeg 1024w, https:\/\/uykuapnesicihazlari.com\/wp-content\/uploads\/2026\/05\/WhatsApp-Image-2026-05-09-at-07.15.37-1-300x200.jpeg 300w, https:\/\/uykuapnesicihazlari.com\/wp-content\/uploads\/2026\/05\/WhatsApp-Image-2026-05-09-at-07.15.37-1-768x512.jpeg 768w, https:\/\/uykuapnesicihazlari.com\/wp-content\/uploads\/2026\/05\/WhatsApp-Image-2026-05-09-at-07.15.37-1-18x12.jpeg 18w, https:\/\/uykuapnesicihazlari.com\/wp-content\/uploads\/2026\/05\/WhatsApp-Image-2026-05-09-at-07.15.37-1-370x247.jpeg 370w, https:\/\/uykuapnesicihazlari.com\/wp-content\/uploads\/2026\/05\/WhatsApp-Image-2026-05-09-at-07.15.37-1-780x520.jpeg 780w, https:\/\/uykuapnesicihazlari.com\/wp-content\/uploads\/2026\/05\/WhatsApp-Image-2026-05-09-at-07.15.37-1-390x260.jpeg 390w, https:\/\/uykuapnesicihazlari.com\/wp-content\/uploads\/2026\/05\/WhatsApp-Image-2026-05-09-at-07.15.37-1-600x400.jpeg 600w, https:\/\/uykuapnesicihazlari.com\/wp-content\/uploads\/2026\/05\/WhatsApp-Image-2026-05-09-at-07.15.37-1.jpeg 1536w\" sizes=\"(max-width: 1024px) 100vw, 1024px\" \/>\t\t\t\t\t\t\t\t\t\t\t\t\t\t\t<\/div>\n\t\t\t\t<\/div>\n\t\t\t\t\t<\/div>\n\t\t<\/div>\n\t\t\t\t\t<\/div>\n\t\t<\/section>\n\t\t\t\t<\/div>","protected":false},"excerpt":{"rendered":"<p>Hakk\u0131m\u0131zda 2010 y\u0131l\u0131ndan bu yana medikal \u00fcr\u00fcn ve sa\u011fl\u0131k ekipmanlar\u0131 alan\u0131nda faaliyet g\u00f6steren firmam\u0131z, kalite, g\u00fcven ve m\u00fc\u015fteri memnuniyeti odakl\u0131 hizmet anlay\u0131\u015f\u0131yla sekt\u00f6rde sa\u011flam bir yer edinmi\u015ftir. Kuruldu\u011fumuz g\u00fcnden bug\u00fcne, hasta ve hasta yak\u0131nlar\u0131n\u0131n ihtiya\u00e7lar\u0131n\u0131 do\u011fru analiz ederek, en uygun ve g\u00fcvenilir \u00e7\u00f6z\u00fcmleri sunmay\u0131 temel ilke haline getirdik. Geni\u015f \u00fcr\u00fcn yelpazemiz kapsam\u0131nda; solunum cihazlar\u0131, hasta&hellip;<\/p>","protected":false},"author":1,"featured_media":0,"parent":0,"menu_order":0,"comment_status":"closed","ping_status":"closed","template":"","meta":{"give_campaign_id":0,"footnotes":""},"class_list":["post-73","page","type-page","status-publish","hentry"],"campaignId":"","_hostinger_reach_plugin_has_subscription_block":false,"_hostinger_reach_plugin_is_elementor":false,"_links":{"self":[{"href":"https:\/\/uykuapnesicihazlari.com\/en\/wp-json\/wp\/v2\/pages\/73","targetHints":{"allow":["GET"]}}],"collection":[{"href":"https:\/\/uykuapnesicihazlari.com\/en\/wp-json\/wp\/v2\/pages"}],"about":[{"href":"https:\/\/uykuapnesicihazlari.com\/en\/wp-json\/wp\/v2\/types\/page"}],"author":[{"embeddable":true,"href":"https:\/\/uykuapnesicihazlari.com\/en\/wp-json\/wp\/v2\/users\/1"}],"replies":[{"embeddable":true,"href":"https:\/\/uykuapnesicihazlari.com\/en\/wp-json\/wp\/v2\/comments?post=73"}],"version-history":[{"count":89,"href":"https:\/\/uykuapnesicihazlari.com\/en\/wp-json\/wp\/v2\/pages\/73\/revisions"}],"predecessor-version":[{"id":9915,"href":"https:\/\/uykuapnesicihazlari.com\/en\/wp-json\/wp\/v2\/pages\/73\/revisions\/9915"}],"wp:attachment":[{"href":"https:\/\/uykuapnesicihazlari.com\/en\/wp-json\/wp\/v2\/media?parent=73"}],"curies":[{"name":"wp","href":"https:\/\/api.w.org\/{rel}","templated":true}]}}